{"id":159,"date":"2025-02-13T11:16:11","date_gmt":"2025-02-13T10:16:11","guid":{"rendered":"https:\/\/homebudget.pamnet.pl\/?page_id=159"},"modified":"2025-02-13T11:16:11","modified_gmt":"2025-02-13T10:16:11","slug":"zasady-i-warunki-aplikacji-pam-net-home-budget","status":"publish","type":"page","link":"https:\/\/homebudget.pamnet.pl\/en\/zasady-i-warunki-aplikacji-pam-net-home-budget\/","title":{"rendered":"Zasady i Warunki aplikacji PaM.NET HOME BUDGET"},"content":{"rendered":"<div class=\"wp-block-group alignfull has-background-background-color has-background has-global-padding is-layout-constrained wp-container-core-group-is-layout-6a1386d3 wp-block-group-is-layout-constrained\" style=\"border-top-width:1px;margin-top:0;margin-bottom:0;padding-top:var(--wp--preset--spacing--60);padding-right:0;padding-bottom:var(--wp--preset--spacing--60);padding-left:0\">\n<h2 class=\"wp-block-heading has-text-align-center\">Terms and Conditions of PAM.NET HOME BUDGET<\/h2>\n\n\n\n<p class=\"has-text-align-center\">By downloading or using the app, these terms will automatically apply to you \u2013 you should make sure therefore that you read them carefully before using the app. You\u2019re not allowed to copy, or modify the app, any part of the app, or our trademarks in any way. You\u2019re not allowed to attempt to extract the source code of the app, and you also shouldn\u2019t try to translate the app into other languages, or make derivative versions. The app itself, and all the trade marks, and other intellectual property rights related to it, still belong to <strong>Pawe\u0142 Ma\u0142yszczuk<\/strong>.<\/p>\n\n\n\n<h6 class=\"wp-block-heading has-text-align-center\"><strong>Changes in the app<\/strong><\/h6>\n\n\n\n<p><strong>Pawe\u0142 Ma\u0142yszczuk<\/strong> is committed to ensuring that the app is as useful and efficient as possible. For that reason, we reserve the right to make changes to the app or to charge for its services, at any time and for any reason. We will never charge you for the app or its services without making it very clear to you exactly what you\u2019re paying for.<\/p>\n\n\n\n<h6 class=\"wp-block-heading has-text-align-center\"><strong>Security Terms and Conditions<\/strong><\/h6>\n\n\n\n<p class=\"has-text-align-center\">The <strong>PaM.NET Home Budget<\/strong> app stores and processes personal data that you have provided to us, in order to provide my Service. It\u2019s your responsibility to keep your phone and access to the app secure. We therefore recommend that you do not jailbreak or root your phone, which is the process of removing software restrictions and limitations imposed by the official operating system of your device. It could make your phone vulnerable to malware\/viruses\/malicious programs, compromise your phone\u2019s security features and it could mean that the <strong>PaM.NET Home Budget <\/strong>app won\u2019t work properly or at all.<\/p>\n\n\n\n<h6 class=\"wp-block-heading has-text-align-center\"><strong>Internet connection Terms and Conditions<\/strong><\/h6>\n\n\n\n<p class=\"has-text-align-center\">You should be aware that there are certain things that <strong>Pawe\u0142 Ma\u0142yszczuk<\/strong> will not take responsibility for. Certain functions of the app will require the app to have an active internet connection. The connection can be Wi-Fi, or provided by your mobile network provider, but <strong>Pawe\u0142 Ma\u0142yszczuk<\/strong> cannot take responsibility for the app not working at full functionality if you don\u2019t have access to Wi-Fi, and you don\u2019t have any of your data allowance left.<\/p>\n\n\n\n<p class=\"has-text-align-center\">If you\u2019re using the app outside of an area with Wi-Fi, you should remember that your terms of the agreement with your mobile network provider will still apply. As a result, you may be charged by your mobile provider for the cost of data for the duration of the connection while accessing the app, or other third party charges. In using the app, you\u2019re accepting responsibility for any such charges, including roaming data charges if you use the app outside of your home territory (i.e. region or country) without turning off data roaming. If you are not the bill payer for the device on which you\u2019re using the app, please be aware that we assume that you have received permission from the bill payer for using the app.<\/p>\n\n\n\n<h6 class=\"wp-block-heading has-text-align-center\"><strong>Responsibility Terms and Conditions<\/strong><\/h6>\n\n\n\n<p class=\"has-text-align-center\">Along the same lines, <strong>Pawe\u0142 Ma\u0142yszczuk<\/strong> cannot always take responsibility for the way you use the app i.e. You need to make sure that your device stays charged \u2013 if it runs out of battery and you can\u2019t turn it on to avail the Service, <strong>Pawe\u0142 Ma\u0142yszczuk <\/strong>cannot accept responsibility.<\/p>\n\n\n\n<p class=\"has-text-align-center\">With respect to <strong>Pawe\u0142 Ma\u0142yszczuk <\/strong>\u2019s responsibility for your use of the app, when you\u2019re using the app, it\u2019s important to bear in mind that although we endeavour to ensure that it is updated and correct at all times, we do rely on third parties to provide information to us so that we can make it available to you. <strong>Pawe\u0142 Ma\u0142yszczuk <\/strong>accepts no liability for any loss, direct or indirect, you experience as a result of relying wholly on this functionality of the app.<\/p>\n\n\n\n<h6 class=\"wp-block-heading has-text-align-center\"><strong>Terms and Conditions of an Update<\/strong><\/h6>\n\n\n\n<p class=\"has-text-align-center\">At some point, we may wish to update the app. The app is currently available on iOS \u2013 the requirements for system (and for any additional systems we decide to extend the availability of the app to) may change, and you\u2019ll need to download the updates if you want to keep using the app. <strong>Pawe\u0142 Ma\u0142yszczuk <\/strong>does not promise that it will always update the app so that it is relevant to you and\/or works with the iOS version that you have installed on your device. However, you promise to always accept updates to the application when offered to you, We may also wish to stop providing the app, and may terminate use of it at any time without giving notice of termination to you. Unless we tell you otherwise, upon any termination, (a) the rights and licenses granted to you in these terms will end; (b) you must stop using the app, and (if needed) delete it from your device.<\/p>\n\n\n\n<h6 class=\"wp-block-heading has-text-align-center\"><strong>Changes to This Terms and Conditions<\/strong><\/h6>\n\n\n\n<p class=\"has-text-align-center\">I may update our Terms and Conditions from time to time. Thus, you are advised to review this page periodically for any changes. I will notify you of any changes by posting the new Terms and Conditions on this page. These changes are effective immediately after they are posted on this page.<\/p>\n\n\n\n<h6 class=\"wp-block-heading has-text-align-center\"><strong>Contact Us<\/strong><\/h6>\n\n\n\n<p class=\"has-text-align-center\">If you have any questions or suggestions about my Terms and Conditions, do not hesitate to contact me.<\/p>\n<\/div>","protected":false},"excerpt":{"rendered":"<p>Zasady i Warunki aplikacji PAM.NET HOME BUDGET Pobieraj\u0105c lub korzystaj\u0105c z aplikacji, warunki te b\u0119d\u0105 automatycznie obowi\u0105zywa\u0142y Ciebie \u2013 powiniene\u015b wi\u0119c upewni\u0107 si\u0119, \u017ce przeczyta\u0142e\u015b je dok\u0142adnie przed u\u017cyciem aplikacji. Zabronione jest kopiowanie lub modyfikowanie aplikacji, jakiejkolwiek cz\u0119\u015bci aplikacji lub naszych znak\u00f3w towarowych w jakikolwiek spos\u00f3b. Nie mo\u017cna pr\u00f3bowa\u0107 wyodr\u0119bni\u0107 kodu \u017ar\u00f3d\u0142owego aplikacji, a tak\u017ce [&hellip;]<\/p>","protected":false},"author":1,"featured_media":0,"parent":0,"menu_order":0,"comment_status":"closed","ping_status":"closed","template":"","meta":{"footnotes":""},"class_list":["post-159","page","type-page","status-publish","hentry"],"aioseo_notices":[],"jetpack_sharing_enabled":true,"_links":{"self":[{"href":"https:\/\/homebudget.pamnet.pl\/en\/wp-json\/wp\/v2\/pages\/159","targetHints":{"allow":["GET"]}}],"collection":[{"href":"https:\/\/homebudget.pamnet.pl\/en\/wp-json\/wp\/v2\/pages"}],"about":[{"href":"https:\/\/homebudget.pamnet.pl\/en\/wp-json\/wp\/v2\/types\/page"}],"author":[{"embeddable":true,"href":"https:\/\/homebudget.pamnet.pl\/en\/wp-json\/wp\/v2\/users\/1"}],"replies":[{"embeddable":true,"href":"https:\/\/homebudget.pamnet.pl\/en\/wp-json\/wp\/v2\/comments?post=159"}],"version-history":[{"count":1,"href":"https:\/\/homebudget.pamnet.pl\/en\/wp-json\/wp\/v2\/pages\/159\/revisions"}],"predecessor-version":[{"id":160,"href":"https:\/\/homebudget.pamnet.pl\/en\/wp-json\/wp\/v2\/pages\/159\/revisions\/160"}],"wp:attachment":[{"href":"https:\/\/homebudget.pamnet.pl\/en\/wp-json\/wp\/v2\/media?parent=159"}],"curies":[{"name":"wp","href":"https:\/\/api.w.org\/{rel}","templated":true}]}}