{"id":15,"date":"2025-01-15T23:04:50","date_gmt":"2025-01-15T22:04:50","guid":{"rendered":"https:\/\/homebudget.pamnet.pl\/faq\/"},"modified":"2025-02-24T06:41:42","modified_gmt":"2025-02-24T05:41:42","slug":"faq","status":"publish","type":"page","link":"https:\/\/homebudget.pamnet.pl\/en\/faq\/","title":{"rendered":"FAQ"},"content":{"rendered":"<div class=\"wp-block-group alignfull has-background-background-color has-background has-global-padding is-layout-constrained wp-block-group-is-layout-constrained\" style=\"margin-top:0;margin-bottom:0;padding-top:0;padding-bottom:0\">\n<div class=\"wp-block-cover alignfull\" style=\"padding-top:0;padding-right:0;padding-bottom:0;padding-left:0;min-height:50px;aspect-ratio:unset;\"><span aria-hidden=\"true\" class=\"wp-block-cover__background has-black-background-color has-background-dim-60 has-background-dim\"><\/span><img loading=\"lazy\" decoding=\"async\" width=\"1280\" height=\"1920\" class=\"wp-block-cover__image-background wp-image-174\" alt=\"\" src=\"http:\/\/homebudget.pamnet.pl\/wp-content\/uploads\/2025\/02\/e99053696fc6ecb201d2aa9e8dc6e69fed4882bd.jpg\" data-object-fit=\"cover\" srcset=\"https:\/\/homebudget.pamnet.pl\/wp-content\/uploads\/2025\/02\/e99053696fc6ecb201d2aa9e8dc6e69fed4882bd.jpg 1280w, https:\/\/homebudget.pamnet.pl\/wp-content\/uploads\/2025\/02\/e99053696fc6ecb201d2aa9e8dc6e69fed4882bd-200x300.jpg 200w, https:\/\/homebudget.pamnet.pl\/wp-content\/uploads\/2025\/02\/e99053696fc6ecb201d2aa9e8dc6e69fed4882bd-683x1024.jpg 683w, https:\/\/homebudget.pamnet.pl\/wp-content\/uploads\/2025\/02\/e99053696fc6ecb201d2aa9e8dc6e69fed4882bd-768x1152.jpg 768w, https:\/\/homebudget.pamnet.pl\/wp-content\/uploads\/2025\/02\/e99053696fc6ecb201d2aa9e8dc6e69fed4882bd-1024x1536.jpg 1024w, https:\/\/homebudget.pamnet.pl\/wp-content\/uploads\/2025\/02\/e99053696fc6ecb201d2aa9e8dc6e69fed4882bd-8x12.jpg 8w\" sizes=\"auto, (max-width: 1280px) 100vw, 1280px\" \/><div class=\"wp-block-cover__inner-container is-layout-flow wp-block-cover-is-layout-flow\">\n<div class=\"wp-block-group has-global-padding is-layout-constrained wp-container-core-group-is-layout-dc79e9a9 wp-block-group-is-layout-constrained\" style=\"padding-top:var(--wp--preset--spacing--60);padding-right:var(--wp--preset--spacing--30);padding-bottom:var(--wp--preset--spacing--60);padding-left:var(--wp--preset--spacing--30)\">\n<h1 class=\"wp-block-heading has-text-align-center has-text-color has-x-large-font-size\" style=\"color:#fffffffc\">Cz\u0119sto zadawane pytania o Portfel Domowy<\/h1>\n<\/div>\n<\/div><\/div>\n<\/div>\n\n\n\n<div class=\"wp-block-group alignfull has-tertiary-background-color has-background has-global-padding is-layout-constrained wp-container-core-group-is-layout-7276a2bb wp-block-group-is-layout-constrained\" style=\"margin-top:0;margin-bottom:0;padding-top:var(--wp--preset--spacing--60);padding-right:var(--wp--preset--spacing--30);padding-bottom:var(--wp--preset--spacing--60);padding-left:var(--wp--preset--spacing--30)\">\n<div class=\"wp-block-group alignwide has-global-padding is-content-justification-left is-layout-constrained wp-container-core-group-is-layout-27f0ab10 wp-block-group-is-layout-constrained\" style=\"margin-bottom:var(--wp--preset--spacing--30)\">\n<h2 class=\"wp-block-heading has-text-align-left has-large-font-size\">FAQ<\/h2>\n\n\n\n<p class=\"has-text-align-left\" style=\"margin-top:16px\">Znajdziesz tutaj odpowiedzi na pytania dotycz\u0105ce Portfela Domowego i jego funkcji. Dowiedz si\u0119, jak nasza aplikacja mo\u017ce u\u0142atwi\u0107 zarz\u0105dzanie finansami osobistymi.<\/p>\n<\/div>\n\n\n\n<div class=\"wp-block-columns alignwide is-layout-flex wp-container-core-columns-is-layout-1da03c2a wp-block-columns-is-layout-flex\">\n<div class=\"wp-block-column is-layout-flow wp-block-column-is-layout-flow\">\n<div class=\"wp-block-group has-global-padding is-layout-constrained wp-block-group-is-layout-constrained\" style=\"border-bottom-color:var(--wp--preset--color--tertiary);border-bottom-width:1px;margin-top:0;padding-top:var(--wp--preset--spacing--30);padding-bottom:var(--wp--preset--spacing--30)\">\n<h4 class=\"wp-block-heading has-medium-font-size\">Na jakich urz\u0105dzeniach dzia\u0142a Portfel Domowy?<\/h4>\n\n\n\n<p class=\"has-small-font-size\" style=\"margin-top:12px\">Portfel Domowy jest dost\u0119pny na platformie iOS, oferuj\u0105c intuicyjny interfejs i praktyczne funkcje dla u\u017cytkownik\u00f3w.<\/p>\n<\/div>\n\n\n\n<div class=\"wp-block-group has-global-padding is-layout-constrained wp-block-group-is-layout-constrained\" style=\"border-bottom-color:var(--wp--preset--color--tertiary);border-bottom-width:1px;margin-top:0;padding-top:var(--wp--preset--spacing--30);padding-bottom:var(--wp--preset--spacing--30)\">\n<h4 class=\"wp-block-heading has-medium-font-size\">Ile czasu zajmuje nauka obs\u0142ugi aplikacji?<\/h4>\n\n\n\n<p class=\"has-small-font-size\" style=\"margin-top:12px\">Nauka obs\u0142ugi Portfela Domowego jest szybka dzi\u0119ki jego intuicyjnemu interfejsowi. W ci\u0105gu kilku minut mo\u017cesz \u015bledzi\u0107 wydatki i planowa\u0107 bud\u017cet.<\/p>\n<\/div>\n\n\n\n<div class=\"wp-block-group has-global-padding is-layout-constrained wp-block-group-is-layout-constrained\" style=\"border-bottom-color:var(--wp--preset--color--tertiary);border-bottom-width:1px;margin-top:0;padding-top:var(--wp--preset--spacing--30);padding-bottom:var(--wp--preset--spacing--30)\">\n<h4 class=\"wp-block-heading has-medium-font-size\">Jaki jest koszt korzystania z aplikacji?<\/h4>\n\n\n\n<p class=\"has-small-font-size\" style=\"margin-top:12px\">Pobranie Portfela Domowego jest darmowe. Otrzymujesz tygodniowy dost\u0119p do aplikacji, gdzie mo\u017cesz przetestowa\u0107 wszystkie funkcje. Po tym czasie zdecydujesz, czy chcesz dalej korzysta\u0107 z aplikacji. Przygotowali\u015bmy elastyczn\u0105 ofert\u0119 w ramach plan\u00f3w p\u0142atnych.<\/p>\n<\/div>\n\n\n\n<div class=\"wp-block-group has-global-padding is-layout-constrained wp-block-group-is-layout-constrained\" style=\"margin-top:0;padding-top:var(--wp--preset--spacing--30);padding-bottom:0\">\n<h4 class=\"wp-block-heading has-medium-font-size\">Nasi eksperci to do\u015bwiadczeni specjali\u015bci w zarz\u0105dzaniu finansami.<\/h4>\n\n\n\n<p class=\"has-small-font-size\" style=\"margin-top:12px\">Nasz zesp\u00f3\u0142 to specjali\u015bci z do\u015bwiadczeniem w finansach osobistych. Z pasj\u0105 tworzymy rozwi\u0105zania, kt\u00f3re spe\u0142niaj\u0105 wymagania u\u017cytkownik\u00f3w i dzia\u0142aj\u0105 zgodnie z najnowszymi trendami.<\/p>\n<\/div>\n<\/div>\n\n\n\n<div class=\"wp-block-column is-layout-flow wp-block-column-is-layout-flow\">\n<figure class=\"wp-block-image size-large\"><img loading=\"lazy\" decoding=\"async\" width=\"768\" height=\"1024\" src=\"http:\/\/homebudget.pamnet.pl\/wp-content\/uploads\/2025\/01\/HB_AppsList_Google-768x1024.jpeg\" alt=\"\" class=\"wp-image-80\" style=\"aspect-ratio:1;object-fit:cover\" srcset=\"https:\/\/homebudget.pamnet.pl\/wp-content\/uploads\/2025\/01\/HB_AppsList_Google-768x1024.jpeg 768w, https:\/\/homebudget.pamnet.pl\/wp-content\/uploads\/2025\/01\/HB_AppsList_Google-225x300.jpeg 225w, https:\/\/homebudget.pamnet.pl\/wp-content\/uploads\/2025\/01\/HB_AppsList_Google-1152x1536.jpeg 1152w, https:\/\/homebudget.pamnet.pl\/wp-content\/uploads\/2025\/01\/HB_AppsList_Google-1536x2048.jpeg 1536w, https:\/\/homebudget.pamnet.pl\/wp-content\/uploads\/2025\/01\/HB_AppsList_Google-scaled.jpeg 1920w\" sizes=\"auto, (max-width: 768px) 100vw, 768px\" \/><\/figure>\n<\/div>\n<\/div>\n<\/div>\n\n\n\n<div class=\"wp-block-group alignfull has-background-background-color has-background has-global-padding is-layout-constrained wp-container-core-group-is-layout-68d5e5bb wp-block-group-is-layout-constrained\" style=\"margin-top:0;margin-bottom:0;padding-top:var(--wp--preset--spacing--50);padding-right:var(--wp--preset--spacing--30);padding-bottom:var(--wp--preset--spacing--60);padding-left:var(--wp--preset--spacing--30)\">\n<div class=\"wp-block-columns alignwide is-layout-flex wp-container-core-columns-is-layout-47c06fe3 wp-block-columns-is-layout-flex\">\n<div class=\"wp-block-column is-layout-flow wp-block-column-is-layout-flow\">\n<h2 class=\"wp-block-heading has-large-font-size\">Kluczowe cechy Portfela Domowego<\/h2>\n\n\n\n<p style=\"margin-top:16px\">Nasza firma specjalizuje si\u0119 w aplikacjach finansowych dla wymagaj\u0105cych u\u017cytkownik\u00f3w.<\/p>\n<\/div>\n\n\n\n<div class=\"wp-block-column is-layout-flow wp-block-column-is-layout-flow\">\n<div class=\"wp-block-group has-global-padding is-layout-constrained wp-block-group-is-layout-constrained\">\n<h3 class=\"wp-block-heading\" style=\"margin-top:16px;font-size:clamp(14px, 0.875rem + ((1vw - 3.2px) * 0.625), 20px);line-height:1.5\">Innowacyjne zarz\u0105dzanie finansami<\/h3>\n\n\n\n<p class=\"has-small-font-size\" style=\"margin-top:8px\">Ciesz si\u0119 pe\u0142nym dost\u0119pem do kluczowych funkcji, kt\u00f3re poprawi\u0105 Twoje finanse.<\/p>\n<\/div>\n\n\n\n<div class=\"wp-block-group has-global-padding is-layout-constrained wp-block-group-is-layout-constrained\">\n<h3 class=\"wp-block-heading\" style=\"margin-top:16px;font-size:clamp(14px, 0.875rem + ((1vw - 3.2px) * 0.625), 20px);line-height:1.5\">Osi\u0105gaj finansowe cele z Portfelem Domowym<\/h3>\n\n\n\n<p class=\"has-small-font-size\" style=\"margin-top:8px\">Nasze narz\u0119dzie pomo\u017ce Ci w bud\u017cetowaniu i analizie finansowej.<\/p>\n<\/div>\n\n\n\n<div class=\"wp-block-group has-global-padding is-layout-constrained wp-block-group-is-layout-constrained\">\n<p><\/p>\n<\/div>\n<\/div>\n\n\n\n<div class=\"wp-block-column is-layout-flow wp-block-column-is-layout-flow\">\n<div class=\"wp-block-group has-global-padding is-layout-constrained wp-block-group-is-layout-constrained\">\n<h3 class=\"wp-block-heading\" style=\"margin-top:16px;font-size:clamp(14px, 0.875rem + ((1vw - 3.2px) * 0.625), 20px);line-height:1.5\">Indywidualne rozwi\u0105zania dla Twoich finans\u00f3w<\/h3>\n\n\n\n<p class=\"has-small-font-size\" style=\"margin-top:8px\">Tworzymy rozwi\u0105zania finansowe dopasowane do Twoich potrzeb.<\/p>\n<\/div>\n\n\n\n<div class=\"wp-block-group has-global-padding is-layout-constrained wp-block-group-is-layout-constrained\">\n<h3 class=\"wp-block-heading\" style=\"margin-top:16px;font-size:clamp(14px, 0.875rem + ((1vw - 3.2px) * 0.625), 20px);line-height:1.5\">Zwi\u0119ksz swoj\u0105 finansow\u0105 stabilno\u015b\u0107<\/h3>\n\n\n\n<p class=\"has-small-font-size\" style=\"margin-top:8px\">Nasza aplikacja zwi\u0119kszy Twoj\u0105 kontrol\u0119 finansow\u0105.<\/p>\n<\/div>\n<\/div>\n<\/div>\n<\/div>\n\n\n\n<div class=\"wp-block-group alignfull has-tertiary-background-color has-background has-global-padding is-layout-constrained wp-container-core-group-is-layout-7276a2bb wp-block-group-is-layout-constrained\" style=\"margin-top:0;margin-bottom:0;padding-top:var(--wp--preset--spacing--60);padding-right:var(--wp--preset--spacing--30);padding-bottom:var(--wp--preset--spacing--60);padding-left:var(--wp--preset--spacing--30)\">\n<div class=\"wp-block-group has-global-padding is-layout-constrained wp-block-group-is-layout-constrained\">\n<h2 class=\"wp-block-heading has-text-align-center has-large-font-size\">Pobierz Portfel Domowy ju\u017c dzi\u015b!<\/h2>\n\n\n\n<p class=\"has-text-align-center\" style=\"margin-top:16px\">Portfel Domowy to narz\u0119dzie rewolucjonizuje zarz\u0105dzanie finansami osobistymi. Nasza aplikacja iOS jest intuicyjna i skuteczna, a jej zaawansowane funkcje pomagaj\u0105 kontrolowa\u0107 bud\u017cet. Do\u0142\u0105cz do nas i zyskaj w\u0142adz\u0119 nad swoimi finansami!<\/p>\n\n\n\n<div class=\"wp-block-buttons is-content-justification-center is-layout-flex wp-container-core-buttons-is-layout-720bcce9 wp-block-buttons-is-layout-flex\">\n<div class=\"wp-block-button is-style-outline is-style-outline--1\"><a class=\"wp-block-button__link wp-element-button\" href=\"#extendify-cta-learn-more\">Zobacz szczeg\u00f3\u0142y<\/a><\/div>\n\n\n\n<div class=\"wp-block-button\"><a class=\"wp-block-button__link wp-element-button\" href=\"#extendify-cta\">Pobierz aplikacj\u0119<\/a><\/div>\n<\/div>\n<\/div>\n\n\n\n<div style=\"aspect-ratio:16\/9;min-height:unset;\" class=\"wp-block-cover alignwide has-aspect-ratio\"><span aria-hidden=\"true\" class=\"wp-block-cover__background has-background-dim-0 has-background-dim\" style=\"background-color:#816651\"><\/span><img loading=\"lazy\" decoding=\"async\" width=\"2560\" height=\"1920\" class=\"wp-block-cover__image-background wp-image-77\" alt=\"\" src=\"http:\/\/homebudget.pamnet.pl\/wp-content\/uploads\/2025\/01\/HB_Main_Person-scaled.jpeg\" style=\"object-position:51% 53%\" data-object-fit=\"cover\" data-object-position=\"51% 53%\" srcset=\"https:\/\/homebudget.pamnet.pl\/wp-content\/uploads\/2025\/01\/HB_Main_Person-scaled.jpeg 2560w, https:\/\/homebudget.pamnet.pl\/wp-content\/uploads\/2025\/01\/HB_Main_Person-300x225.jpeg 300w, https:\/\/homebudget.pamnet.pl\/wp-content\/uploads\/2025\/01\/HB_Main_Person-1024x768.jpeg 1024w, https:\/\/homebudget.pamnet.pl\/wp-content\/uploads\/2025\/01\/HB_Main_Person-768x576.jpeg 768w, https:\/\/homebudget.pamnet.pl\/wp-content\/uploads\/2025\/01\/HB_Main_Person-1536x1152.jpeg 1536w, https:\/\/homebudget.pamnet.pl\/wp-content\/uploads\/2025\/01\/HB_Main_Person-2048x1536.jpeg 2048w\" sizes=\"auto, (max-width: 2560px) 100vw, 2560px\" \/><div class=\"wp-block-cover__inner-container has-global-padding is-layout-constrained wp-block-cover-is-layout-constrained\">\n<div style=\"height:360px\" aria-hidden=\"true\" class=\"wp-block-spacer\"><\/div>\n<\/div><\/div>\n<\/div>","protected":false},"excerpt":{"rendered":"<p>FAQ Znajdziesz tutaj odpowiedzi na pytania dotycz\u0105ce Portfela Domowego i jego funkcji. Dowiedz si\u0119, jak nasza aplikacja mo\u017ce u\u0142atwi\u0107 zarz\u0105dzanie finansami osobistymi. Na jakich urz\u0105dzeniach dzia\u0142a Portfel Domowy? Portfel Domowy jest dost\u0119pny na platformie iOS, oferuj\u0105c intuicyjny interfejs i praktyczne funkcje dla u\u017cytkownik\u00f3w. Ile czasu zajmuje nauka obs\u0142ugi aplikacji? Nauka obs\u0142ugi Portfela Domowego jest szybka [&hellip;]<\/p>","protected":false},"author":1,"featured_media":0,"parent":0,"menu_order":0,"comment_status":"closed","ping_status":"closed","template":"no-title","meta":{"footnotes":""},"class_list":["post-15","page","type-page","status-publish","hentry"],"aioseo_notices":[],"jetpack_sharing_enabled":true,"_links":{"self":[{"href":"https:\/\/homebudget.pamnet.pl\/en\/wp-json\/wp\/v2\/pages\/15","targetHints":{"allow":["GET"]}}],"collection":[{"href":"https:\/\/homebudget.pamnet.pl\/en\/wp-json\/wp\/v2\/pages"}],"about":[{"href":"https:\/\/homebudget.pamnet.pl\/en\/wp-json\/wp\/v2\/types\/page"}],"author":[{"embeddable":true,"href":"https:\/\/homebudget.pamnet.pl\/en\/wp-json\/wp\/v2\/users\/1"}],"replies":[{"embeddable":true,"href":"https:\/\/homebudget.pamnet.pl\/en\/wp-json\/wp\/v2\/comments?post=15"}],"version-history":[{"count":7,"href":"https:\/\/homebudget.pamnet.pl\/en\/wp-json\/wp\/v2\/pages\/15\/revisions"}],"predecessor-version":[{"id":190,"href":"https:\/\/homebudget.pamnet.pl\/en\/wp-json\/wp\/v2\/pages\/15\/revisions\/190"}],"wp:attachment":[{"href":"https:\/\/homebudget.pamnet.pl\/en\/wp-json\/wp\/v2\/media?parent=15"}],"curies":[{"name":"wp","href":"https:\/\/api.w.org\/{rel}","templated":true}]}}